{"id":2725,"date":"2019-08-13T22:16:23","date_gmt":"2019-08-13T22:16:23","guid":{"rendered":"https:\/\/geckographix.ca\/chefandco2018\/subscribe-to-our-newsletter\/"},"modified":"2020-05-22T01:09:33","modified_gmt":"2020-05-22T01:09:33","slug":"subscribe-to-our-newsletter","status":"publish","type":"page","link":"https:\/\/www.chefandco.ca\/en\/subscribe-to-our-newsletter\/","title":{"rendered":"Subscribe to our newsletter"},"content":{"rendered":"<div id=\"themify_builder_content-2725\" data-postid=\"2725\" class=\"themify_builder_content themify_builder_content-2725 themify_builder tf_clear\">\n    \t<!-- module_row -->\n\t<div   data-css_id=\"tb_u6my780\" data-lazy=\"1\" class=\"themify_builder_row module_row repeat tb_u6my780 tb_first clearfix\">\n\t    \t    <div class=\"row_inner col_align_top tf_box tf_w tf_rel\" >\n\t\t\t<div  data-lazy=\"1\" class=\"module_column tb-column col-full first tb_bxnj780 tf_box\">\n\t    \t    \t        <div class=\"tb-column-inner tf_box tf_w\">\n\t\t    <!-- module text -->\n<div  class=\"module module-text tb_81p3781   \" data-lazy=\"1\">\n            <div  class=\"tb_text_wrap\">\n    <p><!-- Begin Mailchimp Signup Form --><br \/>\n<link href=\"\/\/cdn-images.mailchimp.com\/embedcode\/classic-10_7.css\" rel=\"stylesheet\" type=\"text\/css\"><\/p>\n<style type=\"text\/css\">\n\t#mc_embed_signup{background:#fff; clear:left; font:14px Helvetica,Arial,sans-serif; }<br \/>\n\t\/* Add your own Mailchimp form style overrides in your site stylesheet or in this style block.<br \/>\n\t   We recommend moving this block and the preceding CSS link to the HEAD of your HTML file. *\/<br \/>\n<\/style>\n<div id=\"mc_embed_signup\">\n<form action=\"https:\/\/chefandco.us3.list-manage.com\/subscribe\/post?u=ec8b1d7618b38a02a05d5f800&amp;id=c6afa0e418\" method=\"post\" id=\"mc-embedded-subscribe-form\" name=\"mc-embedded-subscribe-form\" class=\"validate\" target=\"_blank\" novalidate>\n<div id=\"mc_embed_signup_scroll\">\n<h2>Subscribe Me<\/h2>\n<div class=\"indicates-required\"><span class=\"asterisk\">*<\/span> indicates required<\/div>\n<div class=\"mc-field-group\">\n\t<label for=\"mce-EMAIL\">Courriel:  <span class=\"asterisk\">*<\/span><br \/>\n<\/label><br \/>\n\t<input type=\"email\" value=\"\" name=\"EMAIL\" class=\"required email\" id=\"mce-EMAIL\">\n<\/div>\n<div class=\"mc-field-group\">\n\t<label for=\"mce-FNAME\">Pr\u00e9nom: <\/label><br \/>\n\t<input type=\"text\" value=\"\" name=\"FNAME\" class=\"\" id=\"mce-FNAME\">\n<\/div>\n<div class=\"mc-field-group\">\n\t<label for=\"mce-LNAME\">Nom: <\/label><br \/>\n\t<input type=\"text\" value=\"\" name=\"LNAME\" class=\"\" id=\"mce-LNAME\">\n<\/div>\n<div id=\"mce-responses\" class=\"clear\">\n<div class=\"response\" id=\"mce-error-response\" style=\"display:none\"><\/div>\n<div class=\"response\" id=\"mce-success-response\" style=\"display:none\"><\/div>\n<\/div>\n<p>    <!-- real people should not fill this in and expect good things - do not remove this or risk form bot signups--><\/p>\n<div style=\"position: absolute; left: -5000px;\" aria-hidden=\"true\"><input type=\"text\" name=\"b_ec8b1d7618b38a02a05d5f800_c6afa0e418\" tabindex=\"-1\" value=\"\"><\/div>\n<div class=\"clear\"><input type=\"submit\" value=\"Subscribe\" name=\"subscribe\" id=\"mc-embedded-subscribe\" class=\"button\"><\/div>\n<\/div>\n<\/form>\n<\/div>\n<p><script type='text\/javascript' src='\/\/s3.amazonaws.com\/downloads.mailchimp.com\/js\/mc-validate.js'><\/script><script type='text\/javascript'>(function($) {window.fnames = new Array(); window.ftypes = new Array();fnames[0]='EMAIL';ftypes[0]='email';fnames[1]='FNAME';ftypes[1]='text';fnames[2]='LNAME';ftypes[2]='text'; \/*\n * Translated default messages for the $ validation plugin.\n * Locale: FR\n *\/\n$.extend($.validator.messages, {\n        required: \"Ce champ est requis.\",\n        remote: \"Veuillez remplir ce champ pour continuer.\",\n        email: \"Veuillez entrer une adresse email valide.\",\n        url: \"Veuillez entrer une URL valide.\",\n        date: \"Veuillez entrer une date valide.\",\n        dateISO: \"Veuillez entrer une date valide (ISO).\",\n        number: \"Veuillez entrer un nombre valide.\",\n        digits: \"Veuillez entrer (seulement) une valeur num\u00e9rique.\",\n        creditcard: \"Veuillez entrer un num\u00e9ro de carte de cr\u00e9dit valide.\",\n        equalTo: \"Veuillez entrer une nouvelle fois la m\u00eame valeur.\",\n        accept: \"Veuillez entrer une valeur avec une extension valide.\",\n        maxlength: $.validator.format(\"Veuillez ne pas entrer plus de {0} caract\u00e8res.\"),\n        minlength: $.validator.format(\"Veuillez entrer au moins {0} caract\u00e8res.\"),\n        rangelength: $.validator.format(\"Veuillez entrer entre {0} et {1} caract\u00e8res.\"),\n        range: $.validator.format(\"Veuillez entrer une valeur entre {0} et {1}.\"),\n        max: $.validator.format(\"Veuillez entrer une valeur inf\u00e9rieure ou \u00e9gale \u00e0 {0}.\"),\n        min: $.validator.format(\"Veuillez entrer une valeur sup\u00e9rieure ou \u00e9gale \u00e0 {0}.\")\n});}(jQuery));var $mcj = jQuery.noConflict(true);<\/script><br \/>\n<!--End mc_embed_signup--><\/p>\n    <\/div>\n<\/div>\n<!-- \/module text -->\t        <\/div>\n\t    \t<\/div>\n\t\t    <\/div>\n\t    <!-- \/row_inner -->\n\t<\/div>\n\t<!-- \/module_row -->\n\t<\/div>\n\n<!-- AddThis Advanced Settings generic via filter on the_content --><!-- AddThis Share Buttons generic via filter on the_content -->","protected":false},"excerpt":{"rendered":"<p>Subscribe Me * indicates required Courriel: * Pr\u00e9nom: Nom:<!-- AddThis Advanced Settings generic via filter on get_the_excerpt --><!-- AddThis Share Buttons generic via filter on get_the_excerpt --><\/p>\n","protected":false},"author":2,"featured_media":0,"parent":0,"menu_order":0,"comment_status":"closed","ping_status":"closed","template":"","meta":{"footnotes":""},"class_list":["post-2725","page","type-page","status-publish","hentry","has-post-title","has-post-date","has-post-category","has-post-tag","has-post-comment","has-post-author",""],"aioseo_notices":[],"builder_content":"<p><br \/> <link href=\"\/\/cdn-images.mailchimp.com\/embedcode\/classic-10_7.css\" rel=\"stylesheet\" type=\"text\/css\"><\/p>\n<form action=\"https:\/\/chefandco.us3.list-manage.com\/subscribe\/post?u=ec8b1d7618b38a02a05d5f800&amp;id=c6afa0e418\" method=\"post\" id=\"mc-embedded-subscribe-form\" name=\"mc-embedded-subscribe-form\" target=\"_blank\" novalidate>\n<h2>Subscribe Me<\/h2> * indicates required\n <label for=\"mce-EMAIL\">Courriel: *<br \/> <\/label><br \/> <input type=\"email\" value=\"\" name=\"EMAIL\" id=\"mce-EMAIL\">\n <label for=\"mce-FNAME\">Pr\u00e9nom: <\/label><br \/> <input type=\"text\" value=\"\" name=\"FNAME\" id=\"mce-FNAME\">\n <label for=\"mce-LNAME\">Nom: <\/label><br \/> <input type=\"text\" value=\"\" name=\"LNAME\" id=\"mce-LNAME\">\n<p> <\/p> <input type=\"text\" name=\"b_ec8b1d7618b38a02a05d5f800_c6afa0e418\" tabindex=\"-1\" value=\"\"> <input type=\"submit\" value=\"Subscribe\" name=\"subscribe\" id=\"mc-embedded-subscribe\">\n<\/form>\n<p><br \/> <\/p>","_links":{"self":[{"href":"https:\/\/www.chefandco.ca\/en\/wp-json\/wp\/v2\/pages\/2725","targetHints":{"allow":["GET"]}}],"collection":[{"href":"https:\/\/www.chefandco.ca\/en\/wp-json\/wp\/v2\/pages"}],"about":[{"href":"https:\/\/www.chefandco.ca\/en\/wp-json\/wp\/v2\/types\/page"}],"author":[{"embeddable":true,"href":"https:\/\/www.chefandco.ca\/en\/wp-json\/wp\/v2\/users\/2"}],"replies":[{"embeddable":true,"href":"https:\/\/www.chefandco.ca\/en\/wp-json\/wp\/v2\/comments?post=2725"}],"version-history":[{"count":5,"href":"https:\/\/www.chefandco.ca\/en\/wp-json\/wp\/v2\/pages\/2725\/revisions"}],"predecessor-version":[{"id":4295,"href":"https:\/\/www.chefandco.ca\/en\/wp-json\/wp\/v2\/pages\/2725\/revisions\/4295"}],"wp:attachment":[{"href":"https:\/\/www.chefandco.ca\/en\/wp-json\/wp\/v2\/media?parent=2725"}],"curies":[{"name":"wp","href":"https:\/\/api.w.org\/{rel}","templated":true}]}}